{"id":610,"date":"2024-08-15T10:06:41","date_gmt":"2024-08-15T10:06:41","guid":{"rendered":"https:\/\/www.holzblaeser.com\/berlin\/index.php\/versand\/"},"modified":"2025-04-30T14:39:19","modified_gmt":"2025-04-30T12:39:19","slug":"versand-preise","status":"publish","type":"page","link":"https:\/\/www.holzblaeser.com\/berlin\/versand-preise\/","title":{"rendered":"Versand"},"content":{"rendered":"\t\t<div data-elementor-type=\"wp-page\" data-elementor-id=\"610\" class=\"elementor elementor-610\">\n\t\t\t\t\t\t<section class=\"elementor-section elementor-top-section elementor-element elementor-element-23333dc1 elementor-section-boxed elementor-section-height-default elementor-section-height-default wpr-particle-no wpr-jarallax-no wpr-parallax-no wpr-sticky-section-no wpr-equal-height-no\" data-id=\"23333dc1\" data-element_type=\"section\" data-e-type=\"section\">\n\t\t\t\t\t\t<div class=\"elementor-container elementor-column-gap-default\">\n\t\t\t\t\t<div class=\"elementor-column elementor-col-100 elementor-top-column elementor-element elementor-element-3fa5e47f\" data-id=\"3fa5e47f\" data-element_type=\"column\" data-e-type=\"column\">\n\t\t\t<div class=\"elementor-widget-wrap elementor-element-populated\">\n\t\t\t\t\t\t<div class=\"elementor-element elementor-element-22e08f5f elementor-widget elementor-widget-heading\" data-id=\"22e08f5f\" data-element_type=\"widget\" data-e-type=\"widget\" data-widget_type=\"heading.default\">\n\t\t\t\t<div class=\"elementor-widget-container\">\n\t\t\t\t\t<h2 class=\"elementor-heading-title elementor-size-default\">VERSANDKOSTEN UND METHODEN<\/h2>\t\t\t\t<\/div>\n\t\t\t\t<\/div>\n\t\t\t\t\t<\/div>\n\t\t<\/div>\n\t\t\t\t\t<\/div>\n\t\t<\/section>\n\t\t\t\t<section class=\"elementor-section elementor-top-section elementor-element elementor-element-7ab940ef elementor-section-boxed elementor-section-height-default elementor-section-height-default wpr-particle-no wpr-jarallax-no wpr-parallax-no wpr-sticky-section-no wpr-equal-height-no\" data-id=\"7ab940ef\" data-element_type=\"section\" data-e-type=\"section\">\n\t\t\t\t\t\t<div class=\"elementor-container elementor-column-gap-default\">\n\t\t\t\t\t<div class=\"elementor-column elementor-col-50 elementor-top-column elementor-element elementor-element-5c13c20d\" data-id=\"5c13c20d\" data-element_type=\"column\" data-e-type=\"column\">\n\t\t\t<div class=\"elementor-widget-wrap elementor-element-populated\">\n\t\t\t\t\t\t<div class=\"elementor-element elementor-element-3d059120 elementor-widget elementor-widget-text-editor\" data-id=\"3d059120\" data-element_type=\"widget\" data-e-type=\"widget\" data-widget_type=\"text-editor.default\">\n\t\t\t\t<div class=\"elementor-widget-container\">\n\t\t\t\t\t\t\t\t\t<p style=\"text-align: center;\">Wir bearbeiten alle Bestellungen so schnell, sicher und effizient wie m\u00f6glich und beauftragen unsere Partner UPS f\u00fcr die meisten Pakete und DHL f\u00fcr kleinere, nicht zerbrechliche Sendungen. Du kannst erwarten, dass du deine Lieferung innerhalb von 3-4 Werktagen erhalten wirst.<\/p>\t\t\t\t\t\t\t\t<\/div>\n\t\t\t\t<\/div>\n\t\t\t\t\t<\/div>\n\t\t<\/div>\n\t\t\t\t<div class=\"elementor-column elementor-col-50 elementor-top-column elementor-element elementor-element-55cd1d27\" data-id=\"55cd1d27\" data-element_type=\"column\" data-e-type=\"column\">\n\t\t\t<div class=\"elementor-widget-wrap elementor-element-populated\">\n\t\t\t\t\t\t<div class=\"elementor-element elementor-element-2291977b elementor-widget elementor-widget-text-editor\" data-id=\"2291977b\" data-element_type=\"widget\" data-e-type=\"widget\" data-widget_type=\"text-editor.default\">\n\t\t\t\t<div class=\"elementor-widget-container\">\n\t\t\t\t\t\t\t\t\t<p style=\"text-align: center;\">Die Firma UPS hat immer wieder bewiesen, dass sie in Sachen Zuverl\u00e4ssigkeit und Sicherheit die absolute beste ist. Wir m\u00f6chten dir jedoch immer ein gutes Preis-Leistungs-Verh\u00e4ltnis bieten und versenden daher alle Bestellungen ab einem Wert von 199 \u20ac versandkostenfrei.<\/p>\t\t\t\t\t\t\t\t<\/div>\n\t\t\t\t<\/div>\n\t\t\t\t\t<\/div>\n\t\t<\/div>\n\t\t\t\t\t<\/div>\n\t\t<\/section>\n\t\t\t\t<section class=\"elementor-section elementor-top-section elementor-element elementor-element-3cbe4015 elementor-section-boxed elementor-section-height-default elementor-section-height-default wpr-particle-no wpr-jarallax-no wpr-parallax-no wpr-sticky-section-no wpr-equal-height-no\" data-id=\"3cbe4015\" data-element_type=\"section\" data-e-type=\"section\">\n\t\t\t\t\t\t<div class=\"elementor-container elementor-column-gap-default\">\n\t\t\t\t\t<div class=\"elementor-column elementor-col-100 elementor-top-column elementor-element elementor-element-786f446a\" data-id=\"786f446a\" data-element_type=\"column\" data-e-type=\"column\">\n\t\t\t<div class=\"elementor-widget-wrap elementor-element-populated\">\n\t\t\t\t\t\t<div class=\"elementor-element elementor-element-72e02219 elementor-widget elementor-widget-accordion\" data-id=\"72e02219\" data-element_type=\"widget\" data-e-type=\"widget\" data-widget_type=\"accordion.default\">\n\t\t\t\t<div class=\"elementor-widget-container\">\n\t\t\t\t\t\t\t<div class=\"elementor-accordion\">\n\t\t\t\t\t\t\t<div class=\"elementor-accordion-item\">\n\t\t\t\t\t<div id=\"elementor-tab-title-1921\" class=\"elementor-tab-title\" data-tab=\"1\" role=\"button\" aria-controls=\"elementor-tab-content-1921\" aria-expanded=\"false\">\n\t\t\t\t\t\t\t\t\t\t\t\t\t<span class=\"elementor-accordion-icon elementor-accordion-icon-left\" aria-hidden=\"true\">\n\t\t\t\t\t\t\t\t\t\t\t\t\t\t\t<span class=\"elementor-accordion-icon-closed\"><svg class=\"e-font-icon-svg e-fas-plus\" viewBox=\"0 0 448 512\" xmlns=\"http:\/\/www.w3.org\/2000\/svg\"><path d=\"M416 208H272V64c0-17.67-14.33-32-32-32h-32c-17.67 0-32 14.33-32 32v144H32c-17.67 0-32 14.33-32 32v32c0 17.67 14.33 32 32 32h144v144c0 17.67 14.33 32 32 32h32c17.67 0 32-14.33 32-32V304h144c17.67 0 32-14.33 32-32v-32c0-17.67-14.33-32-32-32z\"><\/path><\/svg><\/span>\n\t\t\t\t\t\t\t\t<span class=\"elementor-accordion-icon-opened\"><svg class=\"e-font-icon-svg e-fas-minus\" viewBox=\"0 0 448 512\" xmlns=\"http:\/\/www.w3.org\/2000\/svg\"><path d=\"M416 208H32c-17.67 0-32 14.33-32 32v32c0 17.67 14.33 32 32 32h384c17.67 0 32-14.33 32-32v-32c0-17.67-14.33-32-32-32z\"><\/path><\/svg><\/span>\n\t\t\t\t\t\t\t\t\t\t\t\t\t\t<\/span>\n\t\t\t\t\t\t\t\t\t\t\t\t<a class=\"elementor-accordion-title\" tabindex=\"0\">UNSERE PREISE INNERHALB DEUTSCHLANDS<\/a>\n\t\t\t\t\t<\/div>\n\t\t\t\t\t<div id=\"elementor-tab-content-1921\" class=\"elementor-tab-content elementor-clearfix\" data-tab=\"1\" role=\"region\" aria-labelledby=\"elementor-tab-title-1921\">\n<ul>\n \t<li>\nGro\u00dfbrief: 2,50 \u20ac<\/li>\n \t<li>\nMaxibrief: 3,50 \u20ac<\/li>\n \t<li>\nPaket bis 4 kg: 7,90 \u20ac<\/li>\n \t<li>\nPaket 4,1 kg bis 10 kg: 8,90 \u20ac<\/li>\n \t<li>\nPaket 10,1 kg bis 20 kg: 13,00 \u20ac<\/li>\n<li>\nAb einem Warenwert von 199 \u20ac: Gratis<\/li>\n<\/ul>\n<\/div>\n\t\t\t\t<\/div>\n\t\t\t\t\t\t\t<div class=\"elementor-accordion-item\">\n\t\t\t\t\t<div id=\"elementor-tab-title-1922\" class=\"elementor-tab-title\" data-tab=\"2\" role=\"button\" aria-controls=\"elementor-tab-content-1922\" aria-expanded=\"false\">\n\t\t\t\t\t\t\t\t\t\t\t\t\t<span class=\"elementor-accordion-icon elementor-accordion-icon-left\" aria-hidden=\"true\">\n\t\t\t\t\t\t\t\t\t\t\t\t\t\t\t<span class=\"elementor-accordion-icon-closed\"><svg class=\"e-font-icon-svg e-fas-plus\" viewBox=\"0 0 448 512\" xmlns=\"http:\/\/www.w3.org\/2000\/svg\"><path d=\"M416 208H272V64c0-17.67-14.33-32-32-32h-32c-17.67 0-32 14.33-32 32v144H32c-17.67 0-32 14.33-32 32v32c0 17.67 14.33 32 32 32h144v144c0 17.67 14.33 32 32 32h32c17.67 0 32-14.33 32-32V304h144c17.67 0 32-14.33 32-32v-32c0-17.67-14.33-32-32-32z\"><\/path><\/svg><\/span>\n\t\t\t\t\t\t\t\t<span class=\"elementor-accordion-icon-opened\"><svg class=\"e-font-icon-svg e-fas-minus\" viewBox=\"0 0 448 512\" xmlns=\"http:\/\/www.w3.org\/2000\/svg\"><path d=\"M416 208H32c-17.67 0-32 14.33-32 32v32c0 17.67 14.33 32 32 32h384c17.67 0 32-14.33 32-32v-32c0-17.67-14.33-32-32-32z\"><\/path><\/svg><\/span>\n\t\t\t\t\t\t\t\t\t\t\t\t\t\t<\/span>\n\t\t\t\t\t\t\t\t\t\t\t\t<a class=\"elementor-accordion-title\" tabindex=\"0\">REST EU UND IN DIE SCHWEIZ (EFTA)<\/a>\n\t\t\t\t\t<\/div>\n\t\t\t\t\t<div id=\"elementor-tab-content-1922\" class=\"elementor-tab-content elementor-clearfix\" data-tab=\"2\" role=\"region\" aria-labelledby=\"elementor-tab-title-1922\"><ul>\n \t<li style=\"text-align: left;\">Preis auf Anfrage, abh\u00e4ngig von Lieferort, Gr\u00f6\u00dfe und Gewicht<\/li>\n<\/ul>\n\nBei Lieferungen au\u00dferhalb der EU bist du f\u00fcr die eventuellen Zahlung und Bearbeitung von eventuell im Zielland anfallenden Zoll- oder Einfuhrgeb\u00fchren verantwortlich.<\/div>\n\t\t\t\t<\/div>\n\t\t\t\t\t\t\t\t<\/div>\n\t\t\t\t\t\t<\/div>\n\t\t\t\t<\/div>\n\t\t\t\t\t<\/div>\n\t\t<\/div>\n\t\t\t\t\t<\/div>\n\t\t<\/section>\n\t\t\t\t<\/div>\n\t\t","protected":false},"excerpt":{"rendered":"<p>VERSANDKOSTEN UND METHODEN Wir bearbeiten alle Bestellungen so schnell, sicher und effizient wie m\u00f6glich und beauftragen unsere Partner UPS f\u00fcr die meisten Pakete und DHL f\u00fcr kleinere, nicht zerbrechliche Sendungen.&hellip;<\/p>\n","protected":false},"author":1,"featured_media":0,"parent":0,"menu_order":0,"comment_status":"closed","ping_status":"closed","template":"","meta":{"footnotes":""},"class_list":["post-610","page","type-page","status-publish","hentry"],"yoast_head":"<!-- This site is optimized with the Yoast SEO plugin v27.5 - https:\/\/yoast.com\/product\/yoast-seo-wordpress\/ -->\n<title>Versand - Die Holzbl\u00e4ser in Berlin<\/title>\n<meta name=\"robots\" content=\"index, follow, max-snippet:-1, max-image-preview:large, max-video-preview:-1\" \/>\n<link rel=\"canonical\" href=\"https:\/\/www.holzblaeser.com\/berlin\/versand-preise\/\" \/>\n<meta property=\"og:locale\" content=\"de_DE\" \/>\n<meta property=\"og:type\" content=\"article\" \/>\n<meta property=\"og:title\" content=\"Versand - Die Holzbl\u00e4ser in Berlin\" \/>\n<meta property=\"og:description\" content=\"VERSANDKOSTEN UND METHODEN Wir bearbeiten alle Bestellungen so schnell, sicher und effizient wie m\u00f6glich und beauftragen unsere Partner UPS f\u00fcr die meisten Pakete und DHL f\u00fcr kleinere, nicht zerbrechliche Sendungen.&hellip;\" \/>\n<meta property=\"og:url\" content=\"https:\/\/www.holzblaeser.com\/berlin\/versand-preise\/\" \/>\n<meta property=\"og:site_name\" content=\"Die Holzbl\u00e4ser in Berlin\" \/>\n<meta property=\"article:publisher\" content=\"https:\/\/www.facebook.com\/p\/Die-Holzblser-Berlin-100057653342052\/\" \/>\n<meta property=\"article:modified_time\" content=\"2025-04-30T12:39:19+00:00\" \/>\n<meta name=\"twitter:card\" content=\"summary_large_image\" \/>\n<meta name=\"twitter:label1\" content=\"Gesch\u00e4tzte Lesezeit\" \/>\n\t<meta name=\"twitter:data1\" content=\"1\u00a0Minute\" \/>\n<script type=\"application\/ld+json\" class=\"yoast-schema-graph\">{\"@context\":\"https:\\\/\\\/schema.org\",\"@graph\":[{\"@type\":\"WebPage\",\"@id\":\"https:\\\/\\\/www.holzblaeser.com\\\/berlin\\\/versand-preise\\\/\",\"url\":\"https:\\\/\\\/www.holzblaeser.com\\\/berlin\\\/versand-preise\\\/\",\"name\":\"Versand - Die Holzbl\u00e4ser in Berlin\",\"isPartOf\":{\"@id\":\"https:\\\/\\\/www.holzblaeser.com\\\/berlin\\\/#website\"},\"datePublished\":\"2024-08-15T10:06:41+00:00\",\"dateModified\":\"2025-04-30T12:39:19+00:00\",\"breadcrumb\":{\"@id\":\"https:\\\/\\\/www.holzblaeser.com\\\/berlin\\\/versand-preise\\\/#breadcrumb\"},\"inLanguage\":\"de\",\"potentialAction\":[{\"@type\":\"ReadAction\",\"target\":[\"https:\\\/\\\/www.holzblaeser.com\\\/berlin\\\/versand-preise\\\/\"]}]},{\"@type\":\"BreadcrumbList\",\"@id\":\"https:\\\/\\\/www.holzblaeser.com\\\/berlin\\\/versand-preise\\\/#breadcrumb\",\"itemListElement\":[{\"@type\":\"ListItem\",\"position\":1,\"name\":\"Startseite\",\"item\":\"https:\\\/\\\/www.holzblaeser.com\\\/berlin\\\/\"},{\"@type\":\"ListItem\",\"position\":2,\"name\":\"Versand\"}]},{\"@type\":\"WebSite\",\"@id\":\"https:\\\/\\\/www.holzblaeser.com\\\/berlin\\\/#website\",\"url\":\"https:\\\/\\\/www.holzblaeser.com\\\/berlin\\\/\",\"name\":\"Die Holzbl\u00e4ser in Berlin\",\"description\":\"Am Prager Platz\",\"publisher\":{\"@id\":\"https:\\\/\\\/www.holzblaeser.com\\\/berlin\\\/#organization\"},\"potentialAction\":[{\"@type\":\"SearchAction\",\"target\":{\"@type\":\"EntryPoint\",\"urlTemplate\":\"https:\\\/\\\/www.holzblaeser.com\\\/berlin\\\/?s={search_term_string}\"},\"query-input\":{\"@type\":\"PropertyValueSpecification\",\"valueRequired\":true,\"valueName\":\"search_term_string\"}}],\"inLanguage\":\"de\"},{\"@type\":\"Organization\",\"@id\":\"https:\\\/\\\/www.holzblaeser.com\\\/berlin\\\/#organization\",\"name\":\"Die Holzbl\u00e4ser in Berlin\",\"url\":\"https:\\\/\\\/www.holzblaeser.com\\\/berlin\\\/\",\"logo\":{\"@type\":\"ImageObject\",\"inLanguage\":\"de\",\"@id\":\"https:\\\/\\\/www.holzblaeser.com\\\/berlin\\\/#\\\/schema\\\/logo\\\/image\\\/\",\"url\":\"https:\\\/\\\/www.holzblaeser.com\\\/berlin\\\/wp-content\\\/uploads\\\/2024\\\/12\\\/favicon-1.png\",\"contentUrl\":\"https:\\\/\\\/www.holzblaeser.com\\\/berlin\\\/wp-content\\\/uploads\\\/2024\\\/12\\\/favicon-1.png\",\"width\":190,\"height\":191,\"caption\":\"Die Holzbl\u00e4ser in Berlin\"},\"image\":{\"@id\":\"https:\\\/\\\/www.holzblaeser.com\\\/berlin\\\/#\\\/schema\\\/logo\\\/image\\\/\"},\"sameAs\":[\"https:\\\/\\\/www.facebook.com\\\/p\\\/Die-Holzblser-Berlin-100057653342052\\\/\",\"https:\\\/\\\/www.instagram.com\\\/die_holzblaeser\\\/\"]}]}<\/script>\n<!-- \/ Yoast SEO plugin. -->","yoast_head_json":{"title":"Versand - Die Holzbl\u00e4ser in Berlin","robots":{"index":"index","follow":"follow","max-snippet":"max-snippet:-1","max-image-preview":"max-image-preview:large","max-video-preview":"max-video-preview:-1"},"canonical":"https:\/\/www.holzblaeser.com\/berlin\/versand-preise\/","og_locale":"de_DE","og_type":"article","og_title":"Versand - Die Holzbl\u00e4ser in Berlin","og_description":"VERSANDKOSTEN UND METHODEN Wir bearbeiten alle Bestellungen so schnell, sicher und effizient wie m\u00f6glich und beauftragen unsere Partner UPS f\u00fcr die meisten Pakete und DHL f\u00fcr kleinere, nicht zerbrechliche Sendungen.&hellip;","og_url":"https:\/\/www.holzblaeser.com\/berlin\/versand-preise\/","og_site_name":"Die Holzbl\u00e4ser in Berlin","article_publisher":"https:\/\/www.facebook.com\/p\/Die-Holzblser-Berlin-100057653342052\/","article_modified_time":"2025-04-30T12:39:19+00:00","twitter_card":"summary_large_image","twitter_misc":{"Gesch\u00e4tzte Lesezeit":"1\u00a0Minute"},"schema":{"@context":"https:\/\/schema.org","@graph":[{"@type":"WebPage","@id":"https:\/\/www.holzblaeser.com\/berlin\/versand-preise\/","url":"https:\/\/www.holzblaeser.com\/berlin\/versand-preise\/","name":"Versand - Die Holzbl\u00e4ser in Berlin","isPartOf":{"@id":"https:\/\/www.holzblaeser.com\/berlin\/#website"},"datePublished":"2024-08-15T10:06:41+00:00","dateModified":"2025-04-30T12:39:19+00:00","breadcrumb":{"@id":"https:\/\/www.holzblaeser.com\/berlin\/versand-preise\/#breadcrumb"},"inLanguage":"de","potentialAction":[{"@type":"ReadAction","target":["https:\/\/www.holzblaeser.com\/berlin\/versand-preise\/"]}]},{"@type":"BreadcrumbList","@id":"https:\/\/www.holzblaeser.com\/berlin\/versand-preise\/#breadcrumb","itemListElement":[{"@type":"ListItem","position":1,"name":"Startseite","item":"https:\/\/www.holzblaeser.com\/berlin\/"},{"@type":"ListItem","position":2,"name":"Versand"}]},{"@type":"WebSite","@id":"https:\/\/www.holzblaeser.com\/berlin\/#website","url":"https:\/\/www.holzblaeser.com\/berlin\/","name":"Die Holzbl\u00e4ser in Berlin","description":"Am Prager Platz","publisher":{"@id":"https:\/\/www.holzblaeser.com\/berlin\/#organization"},"potentialAction":[{"@type":"SearchAction","target":{"@type":"EntryPoint","urlTemplate":"https:\/\/www.holzblaeser.com\/berlin\/?s={search_term_string}"},"query-input":{"@type":"PropertyValueSpecification","valueRequired":true,"valueName":"search_term_string"}}],"inLanguage":"de"},{"@type":"Organization","@id":"https:\/\/www.holzblaeser.com\/berlin\/#organization","name":"Die Holzbl\u00e4ser in Berlin","url":"https:\/\/www.holzblaeser.com\/berlin\/","logo":{"@type":"ImageObject","inLanguage":"de","@id":"https:\/\/www.holzblaeser.com\/berlin\/#\/schema\/logo\/image\/","url":"https:\/\/www.holzblaeser.com\/berlin\/wp-content\/uploads\/2024\/12\/favicon-1.png","contentUrl":"https:\/\/www.holzblaeser.com\/berlin\/wp-content\/uploads\/2024\/12\/favicon-1.png","width":190,"height":191,"caption":"Die Holzbl\u00e4ser in Berlin"},"image":{"@id":"https:\/\/www.holzblaeser.com\/berlin\/#\/schema\/logo\/image\/"},"sameAs":["https:\/\/www.facebook.com\/p\/Die-Holzblser-Berlin-100057653342052\/","https:\/\/www.instagram.com\/die_holzblaeser\/"]}]}},"_links":{"self":[{"href":"https:\/\/www.holzblaeser.com\/berlin\/wp-json\/wp\/v2\/pages\/610","targetHints":{"allow":["GET"]}}],"collection":[{"href":"https:\/\/www.holzblaeser.com\/berlin\/wp-json\/wp\/v2\/pages"}],"about":[{"href":"https:\/\/www.holzblaeser.com\/berlin\/wp-json\/wp\/v2\/types\/page"}],"author":[{"embeddable":true,"href":"https:\/\/www.holzblaeser.com\/berlin\/wp-json\/wp\/v2\/users\/1"}],"replies":[{"embeddable":true,"href":"https:\/\/www.holzblaeser.com\/berlin\/wp-json\/wp\/v2\/comments?post=610"}],"version-history":[{"count":14,"href":"https:\/\/www.holzblaeser.com\/berlin\/wp-json\/wp\/v2\/pages\/610\/revisions"}],"predecessor-version":[{"id":3883,"href":"https:\/\/www.holzblaeser.com\/berlin\/wp-json\/wp\/v2\/pages\/610\/revisions\/3883"}],"wp:attachment":[{"href":"https:\/\/www.holzblaeser.com\/berlin\/wp-json\/wp\/v2\/media?parent=610"}],"curies":[{"name":"wp","href":"https:\/\/api.w.org\/{rel}","templated":true}]}}