{"id":683,"date":"2024-08-15T10:06:57","date_gmt":"2024-08-15T10:06:57","guid":{"rendered":"https:\/\/www.holzblaeser.com\/berlin\/index.php\/impressum\/"},"modified":"2025-02-24T22:35:19","modified_gmt":"2025-02-24T21:35:19","slug":"impressum","status":"publish","type":"page","link":"https:\/\/www.holzblaeser.com\/berlin\/impressum\/","title":{"rendered":"Impressum"},"content":{"rendered":"\t\t<div data-elementor-type=\"wp-page\" data-elementor-id=\"683\" class=\"elementor elementor-683\">\n\t\t\t\t\t\t<section class=\"elementor-section elementor-top-section elementor-element elementor-element-7e44ed6f elementor-section-boxed elementor-section-height-default elementor-section-height-default wpr-particle-no wpr-jarallax-no wpr-parallax-no wpr-sticky-section-no\" data-id=\"7e44ed6f\" data-element_type=\"section\" data-e-type=\"section\">\n\t\t\t\t\t\t<div class=\"elementor-container elementor-column-gap-default\">\n\t\t\t\t\t<div class=\"elementor-column elementor-col-100 elementor-top-column elementor-element elementor-element-2eda8b05\" data-id=\"2eda8b05\" data-element_type=\"column\" data-e-type=\"column\">\n\t\t\t<div class=\"elementor-widget-wrap elementor-element-populated\">\n\t\t\t\t\t\t<section class=\"elementor-section elementor-inner-section elementor-element elementor-element-5ab1ccfd elementor-section-boxed elementor-section-height-default elementor-section-height-default wpr-particle-no wpr-jarallax-no wpr-parallax-no wpr-sticky-section-no\" data-id=\"5ab1ccfd\" data-element_type=\"section\" data-e-type=\"section\">\n\t\t\t\t\t\t<div class=\"elementor-container elementor-column-gap-default\">\n\t\t\t\t\t<div class=\"elementor-column elementor-col-100 elementor-inner-column elementor-element elementor-element-3bdbacff\" data-id=\"3bdbacff\" data-element_type=\"column\" data-e-type=\"column\">\n\t\t\t<div class=\"elementor-widget-wrap elementor-element-populated\">\n\t\t\t\t\t\t<div class=\"elementor-element elementor-element-15414be6 elementor-widget elementor-widget-text-editor\" data-id=\"15414be6\" data-element_type=\"widget\" data-e-type=\"widget\" data-widget_type=\"text-editor.default\">\n\t\t\t\t<div class=\"elementor-widget-container\">\n\t\t\t\t\t\t\t\t\t<h2 style=\"text-align: center!important;\">IMPRESSUM<\/h2><h3 style=\"text-align: center!important;\">DIE HOLZBL\u00c4SER Musikinstrumente und Zubeh\u00f6r GmbH<\/h3><p style=\"text-align: center!important;\">Trautenaustr. 24\u2028, 10717 Berlin<br \/>Tel. Laden: +49-30-85070574-0 \u2028Tel. Werkstatt: +49-30-85070574-1\u2028Fax: +49-30-85070574-2<br \/>Verkauf: postbox@holzblaeser.com \u2028Werkstatt: werkstatt@holzblaeser.com<br \/>Registergericht: Amtsgericht Charlottenburg (Berlin)\u2028 Registernummer: B 49602 \u2028USt.-ID: DE 165894529<br \/>Gesch\u00e4ftsf\u00fchrung: Timo Br\u00f6ke, Denia R\u00f6glin<\/p><h3 style=\"text-align: justify;\">Haftungsausschluss<\/h3><p style=\"text-align: justify;\">Bei direkten oder indirekten Verweisen auf fremde Webseiten (&#8222;Hyperlinks&#8220;), die au\u00dferhalb des Verantwortungsbereiches des Autors liegen, w\u00fcrde eine Haftungsverpflichtung ausschlie\u00dflich in dem Fall in Kraft treten, in dem der Autor von den Inhalten Kenntnis hat und es ihm technisch m\u00f6glich und zumutbar w\u00e4re, die Nutzung im Falle rechtswidriger Inhalte zu verhindern.<\/p><p style=\"text-align: justify;\">Der Autor erkl\u00e4rt hiermit ausdr\u00fccklich, dass zum Zeitpunkt der Linksetzung keine illegalen Inhalte auf den zu verlinkenden Seiten erkennbar waren. Auf die aktuelle und zuk\u00fcnftige Gestaltung, die Inhalte oder die Urheberschaft der verlinkten\/verkn\u00fcpften Seiten hat der Autor keinerlei Einfluss. Deshalb distanziert er sich hiermit ausdr\u00fccklich von allen Inhalten aller verlinkten \/verkn\u00fcpften Seiten, die nach der Linksetzung ver\u00e4ndert wurden. Diese Feststellung gilt f\u00fcr alle innerhalb des eigenen Internetangebotes gesetzten Links und Verweise sowie f\u00fcr Fremdeintr\u00e4ge in vom Autor eingerichteten G\u00e4steb\u00fcchern, Diskussionsforen, Linkverzeichnissen, Mailinglisten und in allen anderen Formen von Datenbanken, auf deren Inhalt externe Schreibzugriffe m\u00f6glich sind.<\/p><p style=\"text-align: justify;\">F\u00fcr illegale, fehlerhafte oder unvollst\u00e4ndige Inhalte und insbesondere f\u00fcr Sch\u00e4den, die aus der Nutzung oder Nichtnutzung solcherart dargebotener Informationen entstehen, haftet allein der Anbieter der Seite, auf welche verwiesen wurde, nicht derjenige, der \u00fcber Links auf die jeweilige Ver\u00f6ffentlichung lediglich verweist.<\/p><h3 style=\"text-align: justify;\">Urheber- und Kennzeichenrecht<\/h3><p style=\"text-align: justify;\">Der Autor ist bestrebt, in allen Publikationen die Urheberrechte der verwendeten Bilder, Grafiken, Tondokumente, Videosequenzen und Texte zu beachten, von ihm selbst erstellte Bilder, Grafiken, Tondokumente, Videosequenzen und Texte zu nutzen oder auf lizenzfreie Grafiken, Tondokumente, Videosequenzen und Texte zur\u00fcckzugreifen.<\/p><p style=\"text-align: justify;\">Alle innerhalb des Internetangebotes genannten und ggf. durch Dritte gesch\u00fctzten Marken- und Warenzeichen unterliegen uneingeschr\u00e4nkt den Bestimmungen des jeweils g\u00fcltigen Kennzeichenrechts und den Besitzrechten der jeweiligen eingetragenen Eigent\u00fcmer. Allein aufgrund der blo\u00dfen Nennung ist nicht der Schluss zu ziehen, dass Markenzeichen nicht durch Rechte Dritter gesch\u00fctzt sind.<\/p><p style=\"text-align: justify;\">Das Copyright f\u00fcr ver\u00f6ffentlichte, vom Autor selbst erstellte Objekte bleibt allein beim Autor der Seiten. Eine Vervielf\u00e4ltigung oder Verwendung solcher Grafiken, Tondokumente, Videosequenzen und Texte in anderen elektronischen oder gedruckten Publikationen ist ohne ausdr\u00fcckliche Zustimmung des Autors nicht gestattet.<\/p><h3 style=\"text-align: justify;\">Bild- und Videoquellen<\/h3><p style=\"text-align: justify;\">Unsplash.com | Pixabay.com | div. Hersteller | DIE HOLZBL\u00c4SER Musikinstrumente und Zubeh\u00f6r GmbH. Inhaltlich verantwortlich gem\u00e4\u00df \u00a7 5 TMG ist Herr Timo Br\u00f6ke.<\/p><p>Plattform der EU-Kommission zur Online-Streitbeilegung:\u2028https:\/\/ec.europa.eu\/consumers\/odr\u2028 Wir sind zur Teilnahme an einem Streitbelegungsverfahren vor einer Verbraucherschlichtungsstelle weder verpflichtet noch bereit.<\/p>\t\t\t\t\t\t\t\t<\/div>\n\t\t\t\t<\/div>\n\t\t\t\t\t<\/div>\n\t\t<\/div>\n\t\t\t\t\t<\/div>\n\t\t<\/section>\n\t\t\t\t\t<\/div>\n\t\t<\/div>\n\t\t\t\t\t<\/div>\n\t\t<\/section>\n\t\t\t\t<\/div>\n\t\t","protected":false},"excerpt":{"rendered":"<p>IMPRESSUM DIE HOLZBL\u00c4SER Musikinstrumente und Zubeh\u00f6r GmbH Trautenaustr. 24\u2028, 10717 BerlinTel. Laden: +49-30-85070574-0 \u2028Tel. Werkstatt: +49-30-85070574-1\u2028Fax: +49-30-85070574-2Verkauf: postbox@holzblaeser.com \u2028Werkstatt: werkstatt@holzblaeser.comRegistergericht: Amtsgericht Charlottenburg (Berlin)\u2028 Registernummer: B 49602 \u2028USt.-ID: DE 165894529Gesch\u00e4ftsf\u00fchrung: Timo&hellip;<\/p>\n","protected":false},"author":1,"featured_media":0,"parent":0,"menu_order":0,"comment_status":"closed","ping_status":"closed","template":"","meta":{"footnotes":""},"class_list":["post-683","page","type-page","status-publish","hentry"],"yoast_head":"<!-- This site is optimized with the Yoast SEO plugin v27.3 - https:\/\/yoast.com\/product\/yoast-seo-wordpress\/ -->\n<title>Impressum - Die Holzbl\u00e4ser in Berlin<\/title>\n<meta name=\"robots\" content=\"index, follow, max-snippet:-1, max-image-preview:large, max-video-preview:-1\" \/>\n<link rel=\"canonical\" href=\"https:\/\/www.holzblaeser.com\/berlin\/impressum\/\" \/>\n<meta property=\"og:locale\" content=\"de_DE\" \/>\n<meta property=\"og:type\" content=\"article\" \/>\n<meta property=\"og:title\" content=\"Impressum - Die Holzbl\u00e4ser in Berlin\" \/>\n<meta property=\"og:description\" content=\"IMPRESSUM DIE HOLZBL\u00c4SER Musikinstrumente und Zubeh\u00f6r GmbH Trautenaustr. 24\u2028, 10717 BerlinTel. Laden: +49-30-85070574-0 \u2028Tel. Werkstatt: +49-30-85070574-1\u2028Fax: +49-30-85070574-2Verkauf: postbox@holzblaeser.com \u2028Werkstatt: werkstatt@holzblaeser.comRegistergericht: Amtsgericht Charlottenburg (Berlin)\u2028 Registernummer: B 49602 \u2028USt.-ID: DE 165894529Gesch\u00e4ftsf\u00fchrung: Timo&hellip;\" \/>\n<meta property=\"og:url\" content=\"https:\/\/www.holzblaeser.com\/berlin\/impressum\/\" \/>\n<meta property=\"og:site_name\" content=\"Die Holzbl\u00e4ser in Berlin\" \/>\n<meta property=\"article:publisher\" content=\"https:\/\/www.facebook.com\/p\/Die-Holzblser-Berlin-100057653342052\/\" \/>\n<meta property=\"article:modified_time\" content=\"2025-02-24T21:35:19+00:00\" \/>\n<meta name=\"twitter:card\" content=\"summary_large_image\" \/>\n<meta name=\"twitter:label1\" content=\"Gesch\u00e4tzte Lesezeit\" \/>\n\t<meta name=\"twitter:data1\" content=\"3\u00a0Minuten\" \/>\n<script type=\"application\/ld+json\" class=\"yoast-schema-graph\">{\"@context\":\"https:\\\/\\\/schema.org\",\"@graph\":[{\"@type\":\"WebPage\",\"@id\":\"https:\\\/\\\/www.holzblaeser.com\\\/berlin\\\/impressum\\\/\",\"url\":\"https:\\\/\\\/www.holzblaeser.com\\\/berlin\\\/impressum\\\/\",\"name\":\"Impressum - Die Holzbl\u00e4ser in Berlin\",\"isPartOf\":{\"@id\":\"https:\\\/\\\/www.holzblaeser.com\\\/berlin\\\/#website\"},\"datePublished\":\"2024-08-15T10:06:57+00:00\",\"dateModified\":\"2025-02-24T21:35:19+00:00\",\"breadcrumb\":{\"@id\":\"https:\\\/\\\/www.holzblaeser.com\\\/berlin\\\/impressum\\\/#breadcrumb\"},\"inLanguage\":\"de\",\"potentialAction\":[{\"@type\":\"ReadAction\",\"target\":[\"https:\\\/\\\/www.holzblaeser.com\\\/berlin\\\/impressum\\\/\"]}]},{\"@type\":\"BreadcrumbList\",\"@id\":\"https:\\\/\\\/www.holzblaeser.com\\\/berlin\\\/impressum\\\/#breadcrumb\",\"itemListElement\":[{\"@type\":\"ListItem\",\"position\":1,\"name\":\"Startseite\",\"item\":\"https:\\\/\\\/www.holzblaeser.com\\\/berlin\\\/\"},{\"@type\":\"ListItem\",\"position\":2,\"name\":\"Impressum\"}]},{\"@type\":\"WebSite\",\"@id\":\"https:\\\/\\\/www.holzblaeser.com\\\/berlin\\\/#website\",\"url\":\"https:\\\/\\\/www.holzblaeser.com\\\/berlin\\\/\",\"name\":\"Die Holzbl\u00e4ser in Berlin\",\"description\":\"Am Prager Platz\",\"publisher\":{\"@id\":\"https:\\\/\\\/www.holzblaeser.com\\\/berlin\\\/#organization\"},\"potentialAction\":[{\"@type\":\"SearchAction\",\"target\":{\"@type\":\"EntryPoint\",\"urlTemplate\":\"https:\\\/\\\/www.holzblaeser.com\\\/berlin\\\/?s={search_term_string}\"},\"query-input\":{\"@type\":\"PropertyValueSpecification\",\"valueRequired\":true,\"valueName\":\"search_term_string\"}}],\"inLanguage\":\"de\"},{\"@type\":\"Organization\",\"@id\":\"https:\\\/\\\/www.holzblaeser.com\\\/berlin\\\/#organization\",\"name\":\"Die Holzbl\u00e4ser in Berlin\",\"url\":\"https:\\\/\\\/www.holzblaeser.com\\\/berlin\\\/\",\"logo\":{\"@type\":\"ImageObject\",\"inLanguage\":\"de\",\"@id\":\"https:\\\/\\\/www.holzblaeser.com\\\/berlin\\\/#\\\/schema\\\/logo\\\/image\\\/\",\"url\":\"https:\\\/\\\/www.holzblaeser.com\\\/berlin\\\/wp-content\\\/uploads\\\/2024\\\/12\\\/favicon-1.png\",\"contentUrl\":\"https:\\\/\\\/www.holzblaeser.com\\\/berlin\\\/wp-content\\\/uploads\\\/2024\\\/12\\\/favicon-1.png\",\"width\":190,\"height\":191,\"caption\":\"Die Holzbl\u00e4ser in Berlin\"},\"image\":{\"@id\":\"https:\\\/\\\/www.holzblaeser.com\\\/berlin\\\/#\\\/schema\\\/logo\\\/image\\\/\"},\"sameAs\":[\"https:\\\/\\\/www.facebook.com\\\/p\\\/Die-Holzblser-Berlin-100057653342052\\\/\",\"https:\\\/\\\/www.instagram.com\\\/die_holzblaeser\\\/\"]}]}<\/script>\n<!-- \/ Yoast SEO plugin. -->","yoast_head_json":{"title":"Impressum - Die Holzbl\u00e4ser in Berlin","robots":{"index":"index","follow":"follow","max-snippet":"max-snippet:-1","max-image-preview":"max-image-preview:large","max-video-preview":"max-video-preview:-1"},"canonical":"https:\/\/www.holzblaeser.com\/berlin\/impressum\/","og_locale":"de_DE","og_type":"article","og_title":"Impressum - Die Holzbl\u00e4ser in Berlin","og_description":"IMPRESSUM DIE HOLZBL\u00c4SER Musikinstrumente und Zubeh\u00f6r GmbH Trautenaustr. 24\u2028, 10717 BerlinTel. Laden: +49-30-85070574-0 \u2028Tel. Werkstatt: +49-30-85070574-1\u2028Fax: +49-30-85070574-2Verkauf: postbox@holzblaeser.com \u2028Werkstatt: werkstatt@holzblaeser.comRegistergericht: Amtsgericht Charlottenburg (Berlin)\u2028 Registernummer: B 49602 \u2028USt.-ID: DE 165894529Gesch\u00e4ftsf\u00fchrung: Timo&hellip;","og_url":"https:\/\/www.holzblaeser.com\/berlin\/impressum\/","og_site_name":"Die Holzbl\u00e4ser in Berlin","article_publisher":"https:\/\/www.facebook.com\/p\/Die-Holzblser-Berlin-100057653342052\/","article_modified_time":"2025-02-24T21:35:19+00:00","twitter_card":"summary_large_image","twitter_misc":{"Gesch\u00e4tzte Lesezeit":"3\u00a0Minuten"},"schema":{"@context":"https:\/\/schema.org","@graph":[{"@type":"WebPage","@id":"https:\/\/www.holzblaeser.com\/berlin\/impressum\/","url":"https:\/\/www.holzblaeser.com\/berlin\/impressum\/","name":"Impressum - Die Holzbl\u00e4ser in Berlin","isPartOf":{"@id":"https:\/\/www.holzblaeser.com\/berlin\/#website"},"datePublished":"2024-08-15T10:06:57+00:00","dateModified":"2025-02-24T21:35:19+00:00","breadcrumb":{"@id":"https:\/\/www.holzblaeser.com\/berlin\/impressum\/#breadcrumb"},"inLanguage":"de","potentialAction":[{"@type":"ReadAction","target":["https:\/\/www.holzblaeser.com\/berlin\/impressum\/"]}]},{"@type":"BreadcrumbList","@id":"https:\/\/www.holzblaeser.com\/berlin\/impressum\/#breadcrumb","itemListElement":[{"@type":"ListItem","position":1,"name":"Startseite","item":"https:\/\/www.holzblaeser.com\/berlin\/"},{"@type":"ListItem","position":2,"name":"Impressum"}]},{"@type":"WebSite","@id":"https:\/\/www.holzblaeser.com\/berlin\/#website","url":"https:\/\/www.holzblaeser.com\/berlin\/","name":"Die Holzbl\u00e4ser in Berlin","description":"Am Prager Platz","publisher":{"@id":"https:\/\/www.holzblaeser.com\/berlin\/#organization"},"potentialAction":[{"@type":"SearchAction","target":{"@type":"EntryPoint","urlTemplate":"https:\/\/www.holzblaeser.com\/berlin\/?s={search_term_string}"},"query-input":{"@type":"PropertyValueSpecification","valueRequired":true,"valueName":"search_term_string"}}],"inLanguage":"de"},{"@type":"Organization","@id":"https:\/\/www.holzblaeser.com\/berlin\/#organization","name":"Die Holzbl\u00e4ser in Berlin","url":"https:\/\/www.holzblaeser.com\/berlin\/","logo":{"@type":"ImageObject","inLanguage":"de","@id":"https:\/\/www.holzblaeser.com\/berlin\/#\/schema\/logo\/image\/","url":"https:\/\/www.holzblaeser.com\/berlin\/wp-content\/uploads\/2024\/12\/favicon-1.png","contentUrl":"https:\/\/www.holzblaeser.com\/berlin\/wp-content\/uploads\/2024\/12\/favicon-1.png","width":190,"height":191,"caption":"Die Holzbl\u00e4ser in Berlin"},"image":{"@id":"https:\/\/www.holzblaeser.com\/berlin\/#\/schema\/logo\/image\/"},"sameAs":["https:\/\/www.facebook.com\/p\/Die-Holzblser-Berlin-100057653342052\/","https:\/\/www.instagram.com\/die_holzblaeser\/"]}]}},"_links":{"self":[{"href":"https:\/\/www.holzblaeser.com\/berlin\/wp-json\/wp\/v2\/pages\/683","targetHints":{"allow":["GET"]}}],"collection":[{"href":"https:\/\/www.holzblaeser.com\/berlin\/wp-json\/wp\/v2\/pages"}],"about":[{"href":"https:\/\/www.holzblaeser.com\/berlin\/wp-json\/wp\/v2\/types\/page"}],"author":[{"embeddable":true,"href":"https:\/\/www.holzblaeser.com\/berlin\/wp-json\/wp\/v2\/users\/1"}],"replies":[{"embeddable":true,"href":"https:\/\/www.holzblaeser.com\/berlin\/wp-json\/wp\/v2\/comments?post=683"}],"version-history":[{"count":17,"href":"https:\/\/www.holzblaeser.com\/berlin\/wp-json\/wp\/v2\/pages\/683\/revisions"}],"predecessor-version":[{"id":3371,"href":"https:\/\/www.holzblaeser.com\/berlin\/wp-json\/wp\/v2\/pages\/683\/revisions\/3371"}],"wp:attachment":[{"href":"https:\/\/www.holzblaeser.com\/berlin\/wp-json\/wp\/v2\/media?parent=683"}],"curies":[{"name":"wp","href":"https:\/\/api.w.org\/{rel}","templated":true}]}}